{"id":1262,"date":"2024-06-04T23:58:06","date_gmt":"2024-06-04T21:58:06","guid":{"rendered":"https:\/\/glab.com.pl\/?page_id=1262"},"modified":"2024-06-04T23:58:06","modified_gmt":"2024-06-04T21:58:06","slug":"regulamin","status":"publish","type":"page","link":"https:\/\/glab.rptest.pl\/pl\/regulamin\/","title":{"rendered":"Regulamin"},"content":{"rendered":"<p><strong>INFORMACJE OG\u00d3LNE<\/strong><br \/>\nI. Regulamin okre\u015bla zasady i warunki sprzeda\u017cy poprzez sklep internetowy glab.com.pl<br \/>\n(dalej jako \u201eSklep Internetowy\u201d).<br \/>\nII. Sklep internetowy prowadzony jest przez sp\u00f3\u0142k\u0119 zarejestrowan\u0105 pod firm\u0105 Unitra sp\u00f3\u0142ka z<br \/>\nograniczon\u0105 odpowiedzialno\u015bci\u0105 z siedzib\u0105 w Warszawie (adres: ul. Przejazdowa 2b, 02-496<br \/>\nWarszawa), wpisan\u0105 do rejestru przedsi\u0119biorc\u00f3w Krajowego Rejestru S\u0105dowego prowadzonego<br \/>\nprzez S\u0105d Rejonowy dla m. st. Warszawy w Warszawie, XIII Wydzia\u0142 Gospodarczy Krajowego<br \/>\nRejestru S\u0105dowego, pod numerem KRS: 0000864214, posiadaj\u0105c\u0105 numer NIP: 7011000214,<br \/>\nREGON: 387284233, o kapitale zak\u0142adowym w wysoko\u015bci 10.000,00 z\u0142 (dalej jako<br \/>\n\u201eAdministrator\u201d).<br \/>\nDane kontaktowe:<br \/>\n\u25cf Adres: ul. Przejazdowa 2B, 02-496 Warszawa;<br \/>\n\u25cf Adres poczty elektroniczne: hello@unitra.com<br \/>\nIII. Definicje<br \/>\n1. Czas Realizacji zam\u00f3wienia \u2013 termin liczony od momentu uznania \u015brodk\u00f3w na koncie<br \/>\nAdministratora, w kt\u00f3rym Administrator skompletuje zam\u00f3wienie z\u0142o\u017cone przez Klienta,<br \/>\npowierzy oraz dostarczy Produkt do miejsca wskazanego przez Klienta.<br \/>\n2. Dni robocze \u2013 dni tygodnia, od poniedzia\u0142ku do pi\u0105tku z wy\u0142\u0105czeniem dni ustawowo<br \/>\nwolnych od pracy;<br \/>\n3. Dostawa \u2013 dostarczenie Klientowi przez Administratora Produktu;<br \/>\n4. Dostawca \u2013 firma kurierska, z kt\u00f3r\u0105 wsp\u00f3\u0142pracuje Administrator;<br \/>\n5. Formularz kontaktowy \u2013 us\u0142uga udost\u0119pniona przez Administratora na Stronie internetowej<br \/>\numo\u017cliwiaj\u0105ca wys\u0142anie przez U\u017cytkownika wiadomo\u015bci do Administratora;<br \/>\n6. Klient \u2013 U\u017cytkownik, kt\u00f3ry zawar\u0142 Umow\u0119;<br \/>\n7. Konsument \u2013 osoba fizyczna dokonuj\u0105ca z przedsi\u0119biorc\u0105 czynno\u015bci prawnej niezwi\u0105zanej<br \/>\nbezpo\u015brednio z jej dzia\u0142alno\u015bci\u0105 gospodarcz\u0105 lub zawodow\u0105;<br \/>\n8. Newsletter \u2013 us\u0142uga udost\u0119pniona przez Administratora polegaj\u0105ca na przesy\u0142aniu<br \/>\ninformacji w formie wiadomo\u015bci e-mail na adres e-mail podany przez U\u017cytkownika.<br \/>\n9. Polityka Prywatno\u015bci \u2013 dokument zawieraj\u0105cy informacje dot. przetwarzania danych<br \/>\nosobowych oraz polityki cookies.<br \/>\n10.Produkt \u2013 produkt wystawiony na sprzeda\u017c w Sklepie Internetowym przez Administratora<br \/>\nlub Produkt personalizowany;<br \/>\n11.Produkt personalizowany \u2013 produkt nieprefabrykowany, wyprodukowany wed\u0142ug<br \/>\nspecyfikacji konsumenta lub s\u0142u\u017c\u0105cy zaspokojeniu jego zindywidualizowanych potrzeb;<br \/>\n12.Regulamin \u2013 niniejszy dokument;<br \/>\n13.Tre\u015bci \u2013 jakiekolwiek informacje oraz tre\u015bci publikowane na stronie Sklepu Internetowego<br \/>\nprzez U\u017cytkownika, bez wzgl\u0119du na ich rodzaj oraz form\u0119;<br \/>\n14.Umowa \u2013 umowa zawarta na odleg\u0142o\u015b\u0107 pomi\u0119dzy Klientem a Administratorem;<br \/>\n15.U\u017cytkownik \u2013 korzystaj\u0105cy ze Sklepu Internetowego.<\/p>\n<p><strong>ZASADY KORZYSTANIA ZE SKLEPU INTERNETOWEGO<\/strong><br \/>\nI. U\u017cytkownik o\u015bwiadcza, \u017ce zapozna\u0142 si\u0119 z tre\u015bci\u0105 Regulaminu oraz Polityk\u0105 Prywatno\u015bci oraz<br \/>\nakceptuje postanowienia Regulaminu i Polityki Prywatno\u015bci.<br \/>\nII. Niezb\u0119dnymi warunkami, kt\u00f3re musz\u0105 zosta\u0107 spe\u0142nione \u0142\u0105cznie, umo\u017cliwiaj\u0105cymi korzystanie<br \/>\nze Sklepu Internetowego przez U\u017cytkownika s\u0105:<br \/>\n1. Posiadanie minimalnie wymaganego sprz\u0119tu technicznego: (1) urz\u0105dzenia oraz<br \/>\noprogramowania pozwalaj\u0105cego na przegl\u0105danie stron www, (2) dost\u0119pu do Internetu, (3)<br \/>\npoprawnie zainstalowanej i zaktualizowanej przegl\u0105darki internetowej, (4) poprawnie<br \/>\nskonfigurowanego konta mailowego, (5) konta bankowego lub karty debetowej\/kredytowej;<br \/>\n2. Akceptacja warunk\u00f3w Regulaminu wraz z za\u0142\u0105cznikami oraz Polityki Prywatno\u015bci;<br \/>\n3. Poprawne wype\u0142nienie elektronicznego formularza w Sklepie Internetowym, poprzez<br \/>\npodanie prawdziwych i aktualnych danych: (1) imienia i nazwiska, firma pod kt\u00f3r\u0105<br \/>\nprzedsi\u0119biorca dzia\u0142a w obrocie zgodnej z wpisem do CEIDG albo KRS (2) kraj, (3) adres<br \/>\nmiejsca zamieszkania\/ siedziby, (4) numer telefonu, adres e-mail, (5) numeru NIP.<br \/>\nIII. Administrator nie ponosi koszt\u00f3w spe\u0142nienia przez U\u017cytkownika wymog\u00f3w przewidzianych w<br \/>\npunkcie II powy\u017cej, a w szczeg\u00f3lno\u015bci koszt\u00f3w po\u0142\u0105czenia urz\u0105dze\u0144 U\u017cytkownika z Internetem i<br \/>\ninnych. Administrator nie ponosi r\u00f3wnie\u017c odpowiedzialno\u015bci za zak\u0142\u00f3cenia, a w tym m.in.<br \/>\nprzerwy w funkcjonowaniu Sklepu Internetowego, kt\u00f3re to zak\u0142\u00f3cenia s\u0105 wynikiem dzia\u0142ania<br \/>\nsi\u0142y wy\u017cszej, zabronionym dzia\u0142aniem os\u00f3b trzecich lub niekompatybilno\u015bci\u0105 Sklepu<br \/>\nInternetowego z urz\u0105dzeniami oraz infrastruktur\u0105 U\u017cytkownika.<br \/>\nIV. Administrator zastrzega sobie prawo udost\u0119pniania innym podmiotom danych Klienta w<br \/>\nzakresie niezb\u0119dnym do realizacji Umowy.<br \/>\nV. U\u017cytkownikom zabronione jest dostarczanie tre\u015bci o charakterze bezprawnym oraz<br \/>\nwykorzystywanie Sklepu Internetowego w spos\u00f3b sprzeczny z prawem, dobrymi obyczajami lub<br \/>\nnaruszaj\u0105cy dobra osobiste oraz interesy Administratora i os\u00f3b trzecich.<br \/>\nVI. U\u017cytkownik zobowi\u0105zany jest do stosowania w\u0142a\u015bciwych i niezb\u0119dnych \u015brodk\u00f3w technicznych<br \/>\nminimalizuj\u0105cych zagro\u017cenia zwi\u0105zane z pozyskiwaniem i modyfikowaniem danych osobowych<br \/>\nprzez osoby nieuprawnione.<\/p>\n<p><strong>SPOS\u00d3B DOKONYWANIA ZAKUPU<\/strong><br \/>\nI. Ceny Produkt\u00f3w wskazane w Sklepie Internetowym s\u0105 cenami brutto i zawieraj\u0105 podatek VAT.<br \/>\nCeny Produkt\u00f3w mog\u0105 ulec zmianie, jednak zmiana cen nie ma wp\u0142ywu na ju\u017c z\u0142o\u017cone<br \/>\nzam\u00f3wienia. Ceny Produkt\u00f3w nie obejmuj\u0105 koszt\u00f3w ich dostawy. Administrator zapewnia<br \/>\nmo\u017cliwo\u015b\u0107 zap\u0142aty ceny za Produkt za po\u015brednictwem nast\u0119puj\u0105cych serwis\u00f3w p\u0142atno\u015bci:<br \/>\nPrzelewy24 oraz Stripe.<br \/>\nII. Aby z\u0142o\u017cy\u0107 zam\u00f3wienie nale\u017cy: (1) skompletowa\u0107 je, poprzez dodanie Produkt\u00f3w do koszyka;<br \/>\n(2) przej\u015b\u0107 do koszyka, a nast\u0119pnie do kasy; (3) uzupe\u0142ni\u0107 wymagane dane i wybra\u0107 metod\u0119<br \/>\ndostawy oraz p\u0142atno\u015bci; (4) zaznaczy\u0107 wymagane check-box\u2019y i klikn\u0105\u0107 \u201eKupuj\u0119 i p\u0142ac\u0119\u201d.<br \/>\nKlikni\u0119cie przycisku \u201eKupuj\u0119 i p\u0142ac\u0119\u201d jest to\u017csame ze z\u0142o\u017ceniem zam\u00f3wienia z obowi\u0105zkiem<br \/>\nzap\u0142aty.<br \/>\nIII. U\u017cytkownik mo\u017ce skorzysta\u0107 z personalizacji Produkt\u00f3w, poprzez wyb\u00f3r rodzaju materia\u0142u, z<br \/>\nkt\u00f3rego wytwarzana b\u0119dzie obudowa Produktu (Produkt personalizowany).<br \/>\nIV. Warunkiem realizacji zam\u00f3wienia przez Administratora jest jego op\u0142acenie przez Klienta.<br \/>\nV. Numery seryjne Produkt\u00f3w oraz b\u0119d\u0105 nadawane zgodnie z kolejno\u015bci\u0105 z\u0142o\u017conych i op\u0142aconych<br \/>\nzam\u00f3wie\u0144.<br \/>\nVI. Informacje w Sklepie Internetowym nie stanowi\u0105 oferty w my\u015bl przepis\u00f3w Kodeksu Cywilnego,<br \/>\ntj. Administrator mo\u017ce odm\u00f3wi\u0107 zawarcia Umowy w uzasadnionych przypadkach.<br \/>\nVII. W wyj\u0105tkowych sytuacjach, np. przy jednoczesnym zakupie du\u017cej liczby Produkt\u00f3w lub<br \/>\nz\u0142o\u017cenia du\u017cej ilo\u015bci zam\u00f3wie\u0144 na Produkty w tym samym czasie, mo\u017ce okaza\u0107 si\u0119, \u017ce Produkt<br \/>\nb\u0119dzie niedost\u0119pny. Administrator niezw\u0142ocznie poinformuje Klienta o takiej sytuacji i braku<br \/>\nmo\u017cliwo\u015bci zrealizowania zam\u00f3wienia.<br \/>\nVIII. Czas realizacji zam\u00f3wienia wynosi 4 dni robocze na terytorium Rzeczypospolitej. Dostawa<br \/>\nzam\u00f3wie\u0144 jest mo\u017cliwa tak\u017ce na terytorium Francji, Niemiec oraz Wielkiej Brytanii. Czas<br \/>\nrealizacji jest uzale\u017cniony od firmy kurierskiej i mo\u017ce wynosi\u0107 nawet 14 dni roboczych.<\/p>\n<p><strong>NIEODP\u0141ATNE US\u0141UGI \u015aWIADCZONE DROG\u0104 ELEKTRONICZN\u0104 PRZEZ<\/strong><br \/>\n<strong>ADMINISTRATORA<\/strong><br \/>\nI. Administrator \u015bwiadczy drog\u0105 elektroniczn\u0105 na rzecz U\u017cytkownik\u00f3w nast\u0119puj\u0105ce us\u0142ugi:<br \/>\n1. Formularz kontaktowy;<br \/>\n2. Newsletter;<br \/>\ndalej \u0142\u0105cznie jako \u201eUs\u0142ugi\u201d.<br \/>\nII. Us\u0142ugi \u015bwiadczone s\u0105 7 dni w tygodniu, 24h na dob\u0119.<br \/>\nIII. Us\u0142uga formularz kontaktowy polega na wys\u0142aniu wiadomo\u015bci do Administratora. Rezygnacja<br \/>\nz tej us\u0142ugi jest mo\u017cliwa w ka\u017cdej chwili, bez podania przyczyny i bez ponoszenia koszt\u00f3w \u2013<br \/>\npolega ona na zaprzestaniu przesy\u0142ania pyta\u0144 do Administratora.<br \/>\nIV. Us\u0142uga Newsletter dost\u0119pna jest po zapisaniu si\u0119 do Newslettera. Polega ona na przesy\u0142aniu<br \/>\ninformacji do U\u017cytkownika na wskazany przez niego adres e-mail. Rezygnacja z tej us\u0142ugi jest<br \/>\nmo\u017cliwa w ka\u017cdej chwili, bez podania przyczyny i bez ponoszenia koszt\u00f3w \u2013 polega ona na<br \/>\nklikni\u0119ciu w link umiejscowiony w Newsletterze dot. rezygnacji z niego.<br \/>\nV. Administrator nie gwarantuje i nie odpowiada za ewentualny brak dost\u0119pno\u015bci Us\u0142ug, jak<br \/>\nr\u00f3wnie\u017c za przerwy i zak\u0142\u00f3cenia w dost\u0119pie do nich, w szczeg\u00f3lno\u015bci je\u017celi spowodowane s\u0105<br \/>\nkonieczno\u015bci\u0105 naprawy, wymiany, rozbudowy, modyfikacji lub konserwacji infrastruktury<br \/>\nAdministratora lub U\u017cytkownika oraz z przyczyn niezale\u017cnych od Administratora.<br \/>\nVI. Administrator nie ponosi odpowiedzialno\u015bci za spos\u00f3b korzystania prze z U\u017cytkownik\u00f3w z<br \/>\nUs\u0142ug, jak r\u00f3wnie\u017c nie ponosi odpowiedzialno\u015bci za szkody powsta\u0142e dzia\u0142aniem lub<br \/>\nzaniechaniem U\u017cytkownik\u00f3w, w szczeg\u00f3lno\u015bci gdy dzia\u0142anie to lub zaniechanie jest niezgodne<br \/>\nz postanowieniami Regulaminu, prawem lub zwi\u0105zane jest z podaniem nieprawdziwych lub<br \/>\nniepe\u0142nych informacji.<br \/>\nVII. Nieuprawnione rozpowszechnianie tre\u015bci w ramach korzystania z Us\u0142ug przez U\u017cytkownika<br \/>\njest zabronione.<\/p>\n<p><strong>REKLAMACJE<\/strong><br \/>\nI. Reklamacje mo\u017cna z\u0142o\u017cy\u0107 poprzez wys\u0142anie wiadomo\u015bci e-mail na adres: e-mail:<br \/>\nhello@unitra.com lub w formie pisemnej, wys\u0142anej na adres siedziby Administratora.<br \/>\nII. Administrator rekomenduje, aby reklamacja zawiera\u0142a nast\u0119puj\u0105ce dane: imi\u0119 i nazwisko,<br \/>\nfirm\u0119, adres e-mail, adres do korespondencji, nr telefonu, numer NIP oraz KRS prowadzonej<br \/>\ndzia\u0142alno\u015bci, podanie informacji w jakim zakresie wnoszona jest reklamacja oraz opis<br \/>\nzdarzenia powoduj\u0105cego konieczno\u015b\u0107 jej z\u0142o\u017cenia, a w szczeg\u00f3lno\u015bci rodzaj i dat\u0119<br \/>\nwyst\u0105pienia nieprawid\u0142owo\u015bci. Powy\u017csze stanowi\u0105 zalecenia Administratora i brak w\/w<br \/>\ninformacji nie wp\u0142ywa na skuteczno\u015b\u0107 z\u0142o\u017conej reklamacji.<br \/>\nIII. W przypadku nie uzyskania wszystkich niezb\u0119dnych danych do rozpoznania reklamacji,<br \/>\nAdministrator zwr\u00f3ci si\u0119 do U\u017cytkownika o uzupe\u0142nienie niezb\u0119dnych informacji, a<br \/>\nU\u017cytkownik zobowi\u0105zany jest udzieli\u0107 wszystkich niezb\u0119dnych informacji.<br \/>\nIV. Administrator rozpatruje reklamacje niezw\u0142ocznie, nie p\u00f3\u017aniej ni\u017c w terminie 14 dni od dnia<br \/>\nwniesienia reklamacji. Je\u017celi w w\/w terminie nie jest mo\u017cliwe rozpoznanie reklamacji,<br \/>\nAdministrator w terminie 14 dni od dnia wniesienia reklamacji poinformuje U\u017cytkownika o<br \/>\nprzyczynach op\u00f3\u017anienia oraz przewidywanym terminie jej rozpatrzenia.<br \/>\nV. Konsument mo\u017ce \u017c\u0105da\u0107 naprawy lub wymiany Produktu je\u017celi nie jest on zgodny z Umow\u0105.<br \/>\nVI. Administrator mo\u017ce dokona\u0107 wymiany gdy Konsument \u017c\u0105da naprawy, lub Administrator<br \/>\nmo\u017ce dokona\u0107 naprawy, gdy Konsument \u017c\u0105da wymiany, je\u017celi doprowadzenie do zgodno\u015bci<br \/>\nProduktu z Umow\u0105 w spos\u00f3b wybrany przez Konsumenta jest niemo\u017cliwe albo wymaga\u0142oby<br \/>\nnadmiernych koszt\u00f3w dla Administratora. Je\u017celi naprawa i wymiana s\u0105 niemo\u017cliwe lub<br \/>\nwymaga\u0142yby nadmiernych koszt\u00f3w dla Admiratora, mo\u017ce on odm\u00f3wi\u0107 doprowadzenia<br \/>\nProduktu do zgodno\u015bci z Umow\u0105.<br \/>\nVII. Konsument mo\u017ce z\u0142o\u017cy\u0107 o\u015bwiadczenie o obni\u017ceniu ceny w przypadkach przewidzianych w<br \/>\nart. 43e ustawy z dnia 30 maja 2014 roku o prawach konsumenta.<br \/>\nVIII. Koszty odbioru, naprawy lub wymiany Produktu (m.in. op\u0142aty pocztowej, przew\u00f3z) ponosi<br \/>\nAdministrator.<br \/>\nIX. W przypadku konieczno\u015bci zwrotu ceny przez Administratora z uwagi na jego odst\u0105pienie od<br \/>\nUmowy przez Konsumenta, Administrator zwr\u00f3ci cen\u0119 niezw\u0142ocznie, nie p\u00f3\u017aniej jednak ni\u017c w<br \/>\nterminie 14 dni od dnia otrzymania Produktu od Konsumenta lub odebrania o\u015bwiadczenia o<br \/>\nobni\u017ceniu ceny. Zwrot nast\u0105pi przy u\u017cyciu takiego samego sposobu p\u0142atno\u015bci, jakiego u\u017cy\u0142<br \/>\nKonsument do dokonania p\u0142atno\u015bci za Produkt.<\/p>\n<p><strong>POZAS\u0104DOWE SPOSOBY ROZPATRYWANIA REKLAMACJI I DOCHODZENIE<\/strong><br \/>\n<strong>ROSZCZE\u0143<\/strong><br \/>\nI. Konsument mo\u017ce skorzysta\u0107 z pozas\u0105dowych sposob\u00f3w rozpatrywania reklamacji i<br \/>\ndochodzenia roszcze\u0144. Szczeg\u00f3\u0142owe informacje na temat pozas\u0105dowych sposob\u00f3w<br \/>\nrozpatrywania reklamacji i dochodzenia roszcze\u0144 przez U\u017cytkownika, kt\u00f3ry jest<br \/>\nKonsumentem, mo\u017cna znale\u017a\u0107 pod adresem: https:\/\/polubowne.uokik.gov.pl\/.<br \/>\nII. Konsument mo\u017ce r\u00f3wnie\u017c skorzysta\u0107 z platformy internetowego rozstrzygania spor\u00f3w<br \/>\npomi\u0119dzy konsumentami i przedsi\u0119biorcami:<br \/>\nhttps:\/\/ec.europa.eu\/consumers\/odr\/main\/index.cfm?event=main.home2.show&#038;lng=PL<\/p>\n<p><strong>PRAWO KONSUMENTA DO ODST\u0104PIENIE OD UMOWY<\/strong><br \/>\nI. Konsument, kt\u00f3ry zawar\u0142 Umow\u0119 na odleg\u0142o\u015b\u0107 lub umow\u0119 o \u015bwiadczenie us\u0142ug drog\u0105<br \/>\nelektroniczn\u0105 na odleg\u0142o\u015b\u0107, mo\u017ce w terminie 14 dni od dnia, w kt\u00f3rym Konsument wszed\u0142 w<br \/>\nposiadanie Produktu, odst\u0105pi\u0107 od tej umowy bez podawania przyczyny i bez ponoszenia<br \/>\nkoszt\u00f3w \u2013 wz\u00f3r odst\u0105pienia od umowy stanowi za\u0142\u0105cznik nr 1 do Regulaminu.<br \/>\nII. Powy\u017csze ma r\u00f3wnie\u017c zastosowanie do osoby fizycznej zawieraj\u0105cej umow\u0119 bezpo\u015brednio<br \/>\nzwi\u0105zan\u0105 z jej dzia\u0142alno\u015bci\u0105 gospodarcz\u0105, gdy z tre\u015bci tej umowy wynika, \u017ce nie posiada ona<br \/>\ndla niej charakteru zawodowego, wynikaj\u0105cego w szczeg\u00f3lno\u015bci z przedmiotu wykonywanej<br \/>\nprzez ni\u0105 dzia\u0142alno\u015bci gospodarczej.<br \/>\nIII. W przypadku odst\u0105pienia, Administrator zwraca koszty dor\u0119czenia Produktu, do wysoko\u015bci<br \/>\nodpowiadaj\u0105cej najta\u0144szej opcji przesy\u0142ki dost\u0119pnej w Sklepie Internetowym.<br \/>\nIV. Konsument oraz podmiot, o kt\u00f3rym mowa w pkt II powy\u017cej ponosi bezpo\u015brednie koszty<br \/>\nzwrotu Produktu do Administratora.<br \/>\nV. Prawo odst\u0105pienia do umowy, o kt\u00f3rym mowa powy\u017cej, nie dotyczy sytuacji, w kt\u00f3rej<br \/>\nU\u017cytkownik zakupi\u0142 Produkt personalizowany, tj. nieprefabrykowany, wyprodukowany wed\u0142ug<br \/>\nspecyfikacji konsumenta lub s\u0142u\u017c\u0105cy zaspokojeniu jego zindywidualizowanych potrzeb.<\/p>\n<p><strong>OCHRONA DANYCH OSOBOWYCH<\/strong><br \/>\nI. Wszelkie informacje na temat ochrony danych osobowych znajduj\u0105 si\u0119 w Polityce<br \/>\nPrywatno\u015bci.<\/p>\n<p><strong>POSTANOWIENIA KO\u0143COWE<\/strong><br \/>\nI. Administrator uprawniony jest do jednostronnej zmiany Regulaminu w przypadku:<br \/>\n1. Zaistnienia si\u0142y wy\u017cszej;<br \/>\n2. Zmiany obowi\u0105zuj\u0105cych przepis\u00f3w prawa maj\u0105cych zastosowanie do \u015bwiadczenia us\u0142ug<br \/>\ndrog\u0105 elektroniczn\u0105 lub innych przepis\u00f3w prawa;<br \/>\n3. Zmiany oferty Sklepu internetowego oraz sposob\u00f3w zawierania Um\u00f3w, z zastrze\u017ceniem,<br \/>\n\u017ce zmiany Regulaminu maj\u0105 na celu dostosowanie tre\u015bci Regulaminu do oferty;<br \/>\n4. Obowi\u0105zku dostosowania Regulaminu do zalece\u0144 w\u0142adz publicznych;<br \/>\n5. Zmiany funkcjonalno\u015bci Sklepu internetowego, wprowadzenia nowych us\u0142ug<br \/>\n\u015bwiadczonych drog\u0105 elektroniczn\u0105 lub rezygnacji ze \u015bwiadczenia tych us\u0142ug, zmiany<br \/>\nobecnie funkcjonuj\u0105cych us\u0142ug, z zastrze\u017ceniem, \u017ce zmiany Regulaminu maj\u0105 na celu<br \/>\ndostosowanie tre\u015bci Regulaminu do w\/w zmian;<br \/>\n6. Konieczno\u015bci usuni\u0119cia niejasno\u015bci, b\u0142\u0119d\u00f3w w Regulaminie, jak r\u00f3wnie\u017c zmiany danych<br \/>\nteleadresowych, numer\u00f3w identyfikacyjnych, lub link\u00f3w;<br \/>\n7. Poprawy jako\u015bci obs\u0142ugi U\u017cytkownik\u00f3w.<br \/>\nII. Zmiana Regulaminu wchodzi w \u017cycie w terminie 14 dni od dnia opublikowania nowej wersji<br \/>\nRegulaminu w Sklepie Internetowym. Administrator poinformuje o zmianie Regulaminu<br \/>\nU\u017cytkownik\u00f3w posiadaj\u0105cych za\u0142o\u017cone i aktywne konta U\u017cytkownik\u00f3w, poprzez przes\u0142anie<br \/>\nnowej tre\u015bci Regulaminu na adres e-mail wskazany przez U\u017cytkownika. U\u017cytkownik mo\u017ce<br \/>\nwyrazi\u0107 sprzeciw wobec zmienionego Regulaminu, przy czym zobowi\u0105zany jest powiadomi\u0107 o<br \/>\ntym Administratora, co b\u0119dzie skutkowa\u0142o rozwi\u0105zaniem umowy o \u015bwiadczenie us\u0142ug drog\u0105<br \/>\nelektroniczn\u0105.<br \/>\nIII. Regulamin dost\u0119pny jest nieodp\u0142atnie na stronie internetowej www.unitra.com<br \/>\nIV. Prawem w\u0142a\u015bciwym dla rozstrzygania wszelkich spor\u00f3w powsta\u0142ych na gruncie niniejszego<br \/>\nRegulaminu jest prawo polskie.<br \/>\nV. Regulamin wchodzi w \u017cycie z dniem 04 grudnia 2023 r.<\/p>\n","protected":false},"excerpt":{"rendered":"<p>INFORMACJE OG\u00d3LNE I. Regulamin okre\u015bla zasady i warunki sprzeda\u017cy poprzez sklep internetowy glab.com.pl (dalej jako \u201eSklep Internetowy\u201d). II. Sklep internetowy [&hellip;]<\/p>\n","protected":false},"author":7,"featured_media":0,"parent":0,"menu_order":0,"comment_status":"closed","ping_status":"closed","template":"","meta":{"inline_featured_image":false,"footnotes":""},"class_list":["post-1262","page","type-page","status-publish","hentry"],"_links":{"self":[{"href":"https:\/\/glab.rptest.pl\/pl\/wp-json\/wp\/v2\/pages\/1262","targetHints":{"allow":["GET"]}}],"collection":[{"href":"https:\/\/glab.rptest.pl\/pl\/wp-json\/wp\/v2\/pages"}],"about":[{"href":"https:\/\/glab.rptest.pl\/pl\/wp-json\/wp\/v2\/types\/page"}],"author":[{"embeddable":true,"href":"https:\/\/glab.rptest.pl\/pl\/wp-json\/wp\/v2\/users\/7"}],"replies":[{"embeddable":true,"href":"https:\/\/glab.rptest.pl\/pl\/wp-json\/wp\/v2\/comments?post=1262"}],"version-history":[{"count":1,"href":"https:\/\/glab.rptest.pl\/pl\/wp-json\/wp\/v2\/pages\/1262\/revisions"}],"predecessor-version":[{"id":1263,"href":"https:\/\/glab.rptest.pl\/pl\/wp-json\/wp\/v2\/pages\/1262\/revisions\/1263"}],"wp:attachment":[{"href":"https:\/\/glab.rptest.pl\/pl\/wp-json\/wp\/v2\/media?parent=1262"}],"curies":[{"name":"wp","href":"https:\/\/api.w.org\/{rel}","templated":true}]}}