{"id":354,"date":"2018-07-03T11:01:29","date_gmt":"2018-07-03T09:01:29","guid":{"rendered":"http:\/\/grupatakapl.e-kei.pl\/glab\/about-us\/"},"modified":"2024-11-27T14:46:01","modified_gmt":"2024-11-27T13:46:01","slug":"about-us","status":"publish","type":"page","link":"https:\/\/glab.rptest.pl\/pl\/about-us\/","title":{"rendered":"O nas"},"content":{"rendered":"<p>Produkty G-LAB s\u0105 zaprojektowane z my\u015bl\u0105 o profesjonalnych gitarzystach, a ka\u017cdy z nich zawiera innowacyjne rozwi\u0105zania techniczne. Pozwalaj\u0105 uzyska\u0107 wy\u017csz\u0105 jako\u015b\u0107 d\u017awi\u0119ku i funkcjonalno\u015b\u0107, kt\u00f3re nie by\u0142y dost\u0119pne do tej pory w innych produktach na rynku. Wszystkie produkty s\u0105 projektowane i produkowane w naszej fabryce w Zabrzu. Zastosowanie wybranych komponent\u00f3w, sprawdzone technologie i monta\u017c r\u0119czny zapewniaj\u0105 ich najwy\u017csz\u0105 jako\u015b\u0107 i niezawodno\u015b\u0107.<\/p>\n<p>Bierzemy udzia\u0142 w najwi\u0119kszych targach muzycznych we Frankfurcie, Londynie, Pary\u017cu i innych, gdzie prezentowali\u015bmy nasze najnowsze osi\u0105gni\u0119cia, otrzymuj\u0105c bardzo pozytywne opinie od \u015bwiatowej klasy gitarzyst\u00f3w. Nasza stale rosn\u0105ca oferta przyci\u0105ga coraz wi\u0119cej gitarzyst\u00f3w z ca\u0142ego \u015bwiata.<\/p>\n","protected":false},"excerpt":{"rendered":"<p>Produkty G-LAB s\u0105 zaprojektowane z my\u015bl\u0105 o profesjonalnych gitarzystach, a ka\u017cdy z nich zawiera innowacyjne rozwi\u0105zania techniczne. Pozwalaj\u0105 uzyska\u0107 wy\u017csz\u0105 [&hellip;]<\/p>\n","protected":false},"author":6,"featured_media":343,"parent":0,"menu_order":0,"comment_status":"closed","ping_status":"closed","template":"views\/about-us.php","meta":{"inline_featured_image":false,"footnotes":""},"class_list":["post-354","page","type-page","status-publish","has-post-thumbnail","hentry"],"_links":{"self":[{"href":"https:\/\/glab.rptest.pl\/pl\/wp-json\/wp\/v2\/pages\/354","targetHints":{"allow":["GET"]}}],"collection":[{"href":"https:\/\/glab.rptest.pl\/pl\/wp-json\/wp\/v2\/pages"}],"about":[{"href":"https:\/\/glab.rptest.pl\/pl\/wp-json\/wp\/v2\/types\/page"}],"author":[{"embeddable":true,"href":"https:\/\/glab.rptest.pl\/pl\/wp-json\/wp\/v2\/users\/6"}],"replies":[{"embeddable":true,"href":"https:\/\/glab.rptest.pl\/pl\/wp-json\/wp\/v2\/comments?post=354"}],"version-history":[{"count":9,"href":"https:\/\/glab.rptest.pl\/pl\/wp-json\/wp\/v2\/pages\/354\/revisions"}],"predecessor-version":[{"id":1423,"href":"https:\/\/glab.rptest.pl\/pl\/wp-json\/wp\/v2\/pages\/354\/revisions\/1423"}],"wp:featuredmedia":[{"embeddable":true,"href":"https:\/\/glab.rptest.pl\/pl\/wp-json\/wp\/v2\/media\/343"}],"wp:attachment":[{"href":"https:\/\/glab.rptest.pl\/pl\/wp-json\/wp\/v2\/media?parent=354"}],"curies":[{"name":"wp","href":"https:\/\/api.w.org\/{rel}","templated":true}]}}